{"id":3,"date":"2024-01-08T14:16:08","date_gmt":"2024-01-08T14:16:08","guid":{"rendered":"https:\/\/labs.100x100.net\/projects\/mussol-new\/?page_id=3"},"modified":"2024-01-25T08:57:34","modified_gmt":"2024-01-25T08:57:34","slug":"politica-privacidad","status":"publish","type":"page","link":"https:\/\/mussolrestaurant.com\/es\/politica-privacidad\/","title":{"rendered":"Pol\u00edtica de privacidad"},"content":{"rendered":"\r\n<p>Ante la entrada en vigor del Reglamento (UE) 2016\/679 del Parlamento Europeo y el Consejo de 27 de abril de 2016 relativo a la Protecci\u00f3n de las Personas F\u00edsicas respecto al tratamiento de datos personales y a la libre circulaci\u00f3n de datos y la Ley Org\u00e1nica 15\/1999 de Protecci\u00f3n de Datos de Car\u00e1cter Personal, para poder continuar informando de los productos, promociones y novedades de ANgrup as\u00ed como informaciones de inter\u00e9s y novedades sobre restauraci\u00f3n y gastronom\u00eda, debe darnos su consentimiento marcando el bot\u00f3n de aceptaci\u00f3n.<\/p>\r\n<p>Le informamos que sus datos de contacto est\u00e1n incorporados en un fichero titularidad de ANgrup con domicilio en Av. Diagonal 405 bis (08008 Barcelona) y no ser\u00e1n cedidas ni comunicadas a terceros para finalidades diferentes para las cuales han sido suministradas, excepto en los supuestos de obligaci\u00f3n legal.<\/p>\r\n<p>En cualquier momento puede ejercer los derechos de acceso, rectificaci\u00f3n, supresi\u00f3n, limitaci\u00f3n, portabilidad y oposici\u00f3n respecto a sus datos de car\u00e1cter personal previstos en la ley, enviando un escrito acompa\u00f1ado de una fotocopia del documento de identidad a la direcci\u00f3n postal de Angrup.<\/p>\r\n<p>En el caso de disconformidad en relaci\u00f3n a la tramitaci\u00f3n de sus datos puede presentar una reclamaci\u00f3n ante la Agencia Espa\u00f1ola de Protecci\u00f3n de Datos, organismo que ostenta la autoridad de control en la materia, ubicada en la C\/Jorge Juan, 6 (28001 Madrid).<\/p>\r\n<p>En el caso de que quisiera darse de baja de las comunicaciones podr\u00e1 realizarlo a trav\u00e9s de cualquiera de las mismas.<br \/>&lt;h3&gt;&lt;strong&gt;Confidencialidad&lt;\/strong&gt;&lt;\/h3&gt;<br \/>AN Grup. se compromete al cumplimiento de su obligaci\u00f3n de secreto de los datos de car\u00e1cter personal y de su deber de guardarlos de forma confidencial y adoptar\u00e1 las medidas necesarias para evitar su alteraci\u00f3n, p\u00e9rdida, tratamiento o acceso no autorizado, habida cuenta en todo momento del estado de la tecnolog\u00eda.<\/p>\r\n","protected":false},"excerpt":{"rendered":"<p>Ante la entrada en vigor del Reglamento (UE) 2016\/679 del Parlamento Europeo y el Consejo de 27 de abril de 2016 relativo a la Protecci\u00f3n de las Personas F\u00edsicas respecto al tratamiento de datos personales y a la libre circulaci\u00f3n de datos y la Ley Org\u00e1nica 15\/1999 de Protecci\u00f3n de Datos de Car\u00e1cter Personal, para [&hellip;]<\/p>\n","protected":false},"author":1,"featured_media":0,"parent":0,"menu_order":0,"comment_status":"closed","ping_status":"closed","template":"","meta":{"_acf_changed":false,"footnotes":""},"class_list":["post-3","page","type-page","status-publish","hentry"],"acf":[],"yoast_head":"<!-- This site is optimized with the Yoast SEO plugin v25.6 - https:\/\/yoast.com\/wordpress\/plugins\/seo\/ -->\n<title>Pol\u00edtica de privacidad - Mussol Restaurant<\/title>\n<meta name=\"robots\" content=\"noindex, nofollow\" \/>\n<meta property=\"og:locale\" content=\"es_ES\" \/>\n<meta property=\"og:type\" content=\"article\" \/>\n<meta property=\"og:title\" content=\"Pol\u00edtica de privacidad - Mussol Restaurant\" \/>\n<meta property=\"og:description\" content=\"Ante la entrada en vigor del Reglamento (UE) 2016\/679 del Parlamento Europeo y el Consejo de 27 de abril de 2016 relativo a la Protecci\u00f3n de las Personas F\u00edsicas respecto al tratamiento de datos personales y a la libre circulaci\u00f3n de datos y la Ley Org\u00e1nica 15\/1999 de Protecci\u00f3n de Datos de Car\u00e1cter Personal, para [&hellip;]\" \/>\n<meta property=\"og:url\" content=\"https:\/\/mussolrestaurant.com\/es\/politica-privacidad\/\" \/>\n<meta property=\"og:site_name\" content=\"Mussol Restaurant\" \/>\n<meta property=\"article:publisher\" content=\"https:\/\/www.facebook.com\/pages\/Mussol\/137905572945580\" \/>\n<meta property=\"article:modified_time\" content=\"2024-01-25T08:57:34+00:00\" \/>\n<meta property=\"og:image\" content=\"https:\/\/hundreds-wordpress-uploads.s3.amazonaws.com\/mussol-new\/uploads\/2024\/01\/MUSSOL_LOGO_01-scaled.jpg\" \/>\n\t<meta property=\"og:image:width\" content=\"2560\" \/>\n\t<meta property=\"og:image:height\" content=\"1810\" \/>\n\t<meta property=\"og:image:type\" content=\"image\/jpeg\" \/>\n<meta name=\"twitter:card\" content=\"summary_large_image\" \/>\n<meta name=\"twitter:label1\" content=\"Tiempo de lectura\" \/>\n\t<meta name=\"twitter:data1\" content=\"2 minutos\" \/>\n<script type=\"application\/ld+json\" class=\"yoast-schema-graph\">{\"@context\":\"https:\/\/schema.org\",\"@graph\":[{\"@type\":\"WebPage\",\"@id\":\"https:\/\/mussolrestaurant.com\/es\/politica-privacidad\/\",\"url\":\"https:\/\/mussolrestaurant.com\/es\/politica-privacidad\/\",\"name\":\"Pol\u00edtica de privacidad - Mussol Restaurant\",\"isPartOf\":{\"@id\":\"https:\/\/mussolrestaurant.com\/#website\"},\"datePublished\":\"2024-01-08T14:16:08+00:00\",\"dateModified\":\"2024-01-25T08:57:34+00:00\",\"breadcrumb\":{\"@id\":\"https:\/\/mussolrestaurant.com\/es\/politica-privacidad\/#breadcrumb\"},\"inLanguage\":\"es\",\"potentialAction\":[{\"@type\":\"ReadAction\",\"target\":[\"https:\/\/mussolrestaurant.com\/es\/politica-privacidad\/\"]}]},{\"@type\":\"BreadcrumbList\",\"@id\":\"https:\/\/mussolrestaurant.com\/es\/politica-privacidad\/#breadcrumb\",\"itemListElement\":[{\"@type\":\"ListItem\",\"position\":1,\"name\":\"Portada\",\"item\":\"https:\/\/mussolrestaurant.com\/es\/\"},{\"@type\":\"ListItem\",\"position\":2,\"name\":\"Pol\u00edtica de privacidad\"}]},{\"@type\":\"WebSite\",\"@id\":\"https:\/\/mussolrestaurant.com\/#website\",\"url\":\"https:\/\/mussolrestaurant.com\/\",\"name\":\"Mussol Restaurant\",\"description\":\"\",\"publisher\":{\"@id\":\"https:\/\/mussolrestaurant.com\/#organization\"},\"potentialAction\":[{\"@type\":\"SearchAction\",\"target\":{\"@type\":\"EntryPoint\",\"urlTemplate\":\"https:\/\/mussolrestaurant.com\/?s={search_term_string}\"},\"query-input\":{\"@type\":\"PropertyValueSpecification\",\"valueRequired\":true,\"valueName\":\"search_term_string\"}}],\"inLanguage\":\"es\"},{\"@type\":\"Organization\",\"@id\":\"https:\/\/mussolrestaurant.com\/#organization\",\"name\":\"Mussol Restaurant\",\"url\":\"https:\/\/mussolrestaurant.com\/\",\"logo\":{\"@type\":\"ImageObject\",\"inLanguage\":\"es\",\"@id\":\"https:\/\/mussolrestaurant.com\/#\/schema\/logo\/image\/\",\"url\":\"https:\/\/hundreds-wordpress-uploads.s3.amazonaws.com\/mussol-new\/uploads\/2024\/01\/MUSSOL_LOGO_01-scaled.jpg\",\"contentUrl\":\"https:\/\/hundreds-wordpress-uploads.s3.amazonaws.com\/mussol-new\/uploads\/2024\/01\/MUSSOL_LOGO_01-scaled.jpg\",\"width\":2560,\"height\":1810,\"caption\":\"Mussol Restaurant\"},\"image\":{\"@id\":\"https:\/\/mussolrestaurant.com\/#\/schema\/logo\/image\/\"},\"sameAs\":[\"https:\/\/www.facebook.com\/pages\/Mussol\/137905572945580\",\"https:\/\/www.instagram.com\/mussolrestaurants\/\",\"https:\/\/www.youtube.com\/@mussolrestaurants3704\/\"]}]}<\/script>\n<!-- \/ Yoast SEO plugin. -->","yoast_head_json":{"title":"Pol\u00edtica de privacidad - Mussol Restaurant","robots":{"index":"noindex","follow":"nofollow"},"og_locale":"es_ES","og_type":"article","og_title":"Pol\u00edtica de privacidad - Mussol Restaurant","og_description":"Ante la entrada en vigor del Reglamento (UE) 2016\/679 del Parlamento Europeo y el Consejo de 27 de abril de 2016 relativo a la Protecci\u00f3n de las Personas F\u00edsicas respecto al tratamiento de datos personales y a la libre circulaci\u00f3n de datos y la Ley Org\u00e1nica 15\/1999 de Protecci\u00f3n de Datos de Car\u00e1cter Personal, para [&hellip;]","og_url":"https:\/\/mussolrestaurant.com\/es\/politica-privacidad\/","og_site_name":"Mussol Restaurant","article_publisher":"https:\/\/www.facebook.com\/pages\/Mussol\/137905572945580","article_modified_time":"2024-01-25T08:57:34+00:00","og_image":[{"width":2560,"height":1810,"url":"https:\/\/hundreds-wordpress-uploads.s3.amazonaws.com\/mussol-new\/uploads\/2024\/01\/MUSSOL_LOGO_01-scaled.jpg","type":"image\/jpeg"}],"twitter_card":"summary_large_image","twitter_misc":{"Tiempo de lectura":"2 minutos"},"schema":{"@context":"https:\/\/schema.org","@graph":[{"@type":"WebPage","@id":"https:\/\/mussolrestaurant.com\/es\/politica-privacidad\/","url":"https:\/\/mussolrestaurant.com\/es\/politica-privacidad\/","name":"Pol\u00edtica de privacidad - Mussol Restaurant","isPartOf":{"@id":"https:\/\/mussolrestaurant.com\/#website"},"datePublished":"2024-01-08T14:16:08+00:00","dateModified":"2024-01-25T08:57:34+00:00","breadcrumb":{"@id":"https:\/\/mussolrestaurant.com\/es\/politica-privacidad\/#breadcrumb"},"inLanguage":"es","potentialAction":[{"@type":"ReadAction","target":["https:\/\/mussolrestaurant.com\/es\/politica-privacidad\/"]}]},{"@type":"BreadcrumbList","@id":"https:\/\/mussolrestaurant.com\/es\/politica-privacidad\/#breadcrumb","itemListElement":[{"@type":"ListItem","position":1,"name":"Portada","item":"https:\/\/mussolrestaurant.com\/es\/"},{"@type":"ListItem","position":2,"name":"Pol\u00edtica de privacidad"}]},{"@type":"WebSite","@id":"https:\/\/mussolrestaurant.com\/#website","url":"https:\/\/mussolrestaurant.com\/","name":"Mussol Restaurant","description":"","publisher":{"@id":"https:\/\/mussolrestaurant.com\/#organization"},"potentialAction":[{"@type":"SearchAction","target":{"@type":"EntryPoint","urlTemplate":"https:\/\/mussolrestaurant.com\/?s={search_term_string}"},"query-input":{"@type":"PropertyValueSpecification","valueRequired":true,"valueName":"search_term_string"}}],"inLanguage":"es"},{"@type":"Organization","@id":"https:\/\/mussolrestaurant.com\/#organization","name":"Mussol Restaurant","url":"https:\/\/mussolrestaurant.com\/","logo":{"@type":"ImageObject","inLanguage":"es","@id":"https:\/\/mussolrestaurant.com\/#\/schema\/logo\/image\/","url":"https:\/\/hundreds-wordpress-uploads.s3.amazonaws.com\/mussol-new\/uploads\/2024\/01\/MUSSOL_LOGO_01-scaled.jpg","contentUrl":"https:\/\/hundreds-wordpress-uploads.s3.amazonaws.com\/mussol-new\/uploads\/2024\/01\/MUSSOL_LOGO_01-scaled.jpg","width":2560,"height":1810,"caption":"Mussol Restaurant"},"image":{"@id":"https:\/\/mussolrestaurant.com\/#\/schema\/logo\/image\/"},"sameAs":["https:\/\/www.facebook.com\/pages\/Mussol\/137905572945580","https:\/\/www.instagram.com\/mussolrestaurants\/","https:\/\/www.youtube.com\/@mussolrestaurants3704\/"]}]}},"_links":{"self":[{"href":"https:\/\/mussolrestaurant.com\/es\/wp-json\/wp\/v2\/pages\/3","targetHints":{"allow":["GET"]}}],"collection":[{"href":"https:\/\/mussolrestaurant.com\/es\/wp-json\/wp\/v2\/pages"}],"about":[{"href":"https:\/\/mussolrestaurant.com\/es\/wp-json\/wp\/v2\/types\/page"}],"author":[{"embeddable":true,"href":"https:\/\/mussolrestaurant.com\/es\/wp-json\/wp\/v2\/users\/1"}],"replies":[{"embeddable":true,"href":"https:\/\/mussolrestaurant.com\/es\/wp-json\/wp\/v2\/comments?post=3"}],"version-history":[{"count":1,"href":"https:\/\/mussolrestaurant.com\/es\/wp-json\/wp\/v2\/pages\/3\/revisions"}],"predecessor-version":[{"id":72,"href":"https:\/\/mussolrestaurant.com\/es\/wp-json\/wp\/v2\/pages\/3\/revisions\/72"}],"wp:attachment":[{"href":"https:\/\/mussolrestaurant.com\/es\/wp-json\/wp\/v2\/media?parent=3"}],"curies":[{"name":"wp","href":"https:\/\/api.w.org\/{rel}","templated":true}]}}